{"id":1687,"date":"2024-04-16T15:14:15","date_gmt":"2024-04-16T19:14:15","guid":{"rendered":"https:\/\/batimentsvivants.ca\/privacy-policy\/"},"modified":"2024-04-16T15:19:47","modified_gmt":"2024-04-16T19:19:47","slug":"privacy-policy","status":"publish","type":"page","link":"https:\/\/batimentsvivants.ca\/en\/privacy-policy\/","title":{"rendered":"Privacy policy"},"content":{"rendered":"\n<h2 class=\"wp-block-heading\">Contact information for the Privacy Officer<\/h2>\n\n<p>If you have any questions or concerns about the processing or updating of your personal information, please contact us, by e-mail at info@batimentsvivants.ca.<\/p>\n\n<p>The Privacy Officer will contact you within 30 days of receiving your e-mail.<\/p>\n\n<h2 class=\"wp-block-heading\">Sharing your personal information<\/h2>\n\n<p>In order to provide you with the products and services you have requested, we may transmit your personal information to trusted third parties, in particular Google Analytics.<\/p>\n\n<h2 class=\"wp-block-heading\">Links to other websites<\/h2>\n\n<p>From time to time, our Web site may provide hyperlinks to other sites. Information exchanged on these sites is not subject to this Privacy Policy, but to those of the external sites concerned, if any. In such cases, we invite you to consult them before disclosing your personal information.<\/p>\n\n<h2 class=\"wp-block-heading\">Retention periods<\/h2>\n\n<p>Your personal information will be kept only for the time necessary to fulfil the purposes for which it was collected, unless a longer retention period is required or permitted by law.<\/p>\n\n<h2 class=\"wp-block-heading\">Access to your personal information<\/h2>\n\n<p>Once you have been properly identified, you may request access to the personal information we hold about you, as permitted or required by law. In some cases, a written request from you may be required.<\/p>\n\n<h2 class=\"wp-block-heading\">Accuracy and modification of your personal information<\/h2>\n\n<p>If there are any changes to be made to your personal information, it is preferable to contact us promptly by telephone or e-mail in order to keep your file and our databases up to date.<\/p>\n\n<p>Date of last update: April 16, 2024<\/p>\n","protected":false},"excerpt":{"rendered":"<p>Contact information for the Privacy Officer If you have any questions or concerns about the processing or updating of your personal information, please contact us, by e-mail at info@batimentsvivants.ca. The Privacy Officer will contact you within 30 days of receiving your e-mail. Sharing your personal information In order to provide you with the products and&hellip;<\/p>\n","protected":false},"author":4,"featured_media":0,"parent":0,"menu_order":10000,"comment_status":"closed","ping_status":"closed","template":"","meta":{"footnotes":""},"class_list":["post-1687","page","type-page","status-publish","hentry"],"yoast_head":"<!-- This site is optimized with the Yoast SEO plugin v27.5 - https:\/\/yoast.com\/product\/yoast-seo-wordpress\/ -->\n<title>Privacy policy - B\u00e2timents vivants<\/title>\n<meta name=\"description\" content=\"La qualit\u00e9 de l\u2019environnement int\u00e9rieure affecte la sant\u00e9. Cr\u00e9ons ensemble un milieu de vie sain!\" \/>\n<meta name=\"robots\" content=\"index, follow, max-snippet:-1, max-image-preview:large, max-video-preview:-1\" \/>\n<link rel=\"canonical\" href=\"https:\/\/batimentsvivants.ca\/en\/privacy-policy\/\" \/>\n<meta property=\"og:locale\" content=\"en_US\" \/>\n<meta property=\"og:type\" content=\"article\" \/>\n<meta property=\"og:title\" content=\"Privacy policy - B\u00e2timents vivants\" \/>\n<meta property=\"og:description\" content=\"La qualit\u00e9 de l\u2019environnement int\u00e9rieure affecte la sant\u00e9. Cr\u00e9ons ensemble un milieu de vie sain!\" \/>\n<meta property=\"og:url\" content=\"https:\/\/batimentsvivants.ca\/en\/privacy-policy\/\" \/>\n<meta property=\"og:site_name\" content=\"B\u00e2timents vivants\" \/>\n<meta property=\"article:modified_time\" content=\"2024-04-16T19:19:47+00:00\" \/>\n<meta property=\"og:image\" content=\"https:\/\/batimentsvivants.ca\/wp-content\/uploads\/2023\/05\/Batimentes-vivants-Facebook.jpg\" \/>\n\t<meta property=\"og:image:width\" content=\"1200\" \/>\n\t<meta property=\"og:image:height\" content=\"630\" \/>\n\t<meta property=\"og:image:type\" content=\"image\/jpeg\" \/>\n<meta name=\"twitter:card\" content=\"summary_large_image\" \/>\n<meta name=\"twitter:label1\" content=\"Est. reading time\" \/>\n\t<meta name=\"twitter:data1\" content=\"1 minute\" \/>\n<script type=\"application\/ld+json\" class=\"yoast-schema-graph\">{\"@context\":\"https:\\\/\\\/schema.org\",\"@graph\":[{\"@type\":\"WebPage\",\"@id\":\"https:\\\/\\\/batimentsvivants.ca\\\/en\\\/privacy-policy\\\/\",\"url\":\"https:\\\/\\\/batimentsvivants.ca\\\/en\\\/privacy-policy\\\/\",\"name\":\"Privacy policy - B\u00e2timents vivants\",\"isPartOf\":{\"@id\":\"https:\\\/\\\/batimentsvivants.ca\\\/en\\\/#website\"},\"datePublished\":\"2024-04-16T19:14:15+00:00\",\"dateModified\":\"2024-04-16T19:19:47+00:00\",\"description\":\"La qualit\u00e9 de l\u2019environnement int\u00e9rieure affecte la sant\u00e9. Cr\u00e9ons ensemble un milieu de vie sain!\",\"breadcrumb\":{\"@id\":\"https:\\\/\\\/batimentsvivants.ca\\\/en\\\/privacy-policy\\\/#breadcrumb\"},\"inLanguage\":\"en-US\",\"potentialAction\":[{\"@type\":\"ReadAction\",\"target\":[\"https:\\\/\\\/batimentsvivants.ca\\\/en\\\/privacy-policy\\\/\"]}]},{\"@type\":\"BreadcrumbList\",\"@id\":\"https:\\\/\\\/batimentsvivants.ca\\\/en\\\/privacy-policy\\\/#breadcrumb\",\"itemListElement\":[{\"@type\":\"ListItem\",\"position\":1,\"name\":\"Accueil\",\"item\":\"https:\\\/\\\/batimentsvivants.ca\\\/en\\\/\"},{\"@type\":\"ListItem\",\"position\":2,\"name\":\"Privacy policy\"}]},{\"@type\":\"WebSite\",\"@id\":\"https:\\\/\\\/batimentsvivants.ca\\\/en\\\/#website\",\"url\":\"https:\\\/\\\/batimentsvivants.ca\\\/en\\\/\",\"name\":\"B\u00e2timents vivants\",\"description\":\"Transformez votre maison ou lieu de travail en un espace sacr\u00e9 qui supporte la vie!\",\"publisher\":{\"@id\":\"https:\\\/\\\/batimentsvivants.ca\\\/en\\\/#organization\"},\"potentialAction\":[{\"@type\":\"SearchAction\",\"target\":{\"@type\":\"EntryPoint\",\"urlTemplate\":\"https:\\\/\\\/batimentsvivants.ca\\\/en\\\/?s={search_term_string}\"},\"query-input\":{\"@type\":\"PropertyValueSpecification\",\"valueRequired\":true,\"valueName\":\"search_term_string\"}}],\"inLanguage\":\"en-US\"},{\"@type\":\"Organization\",\"@id\":\"https:\\\/\\\/batimentsvivants.ca\\\/en\\\/#organization\",\"name\":\"B\u00e2timents vivants\",\"url\":\"https:\\\/\\\/batimentsvivants.ca\\\/en\\\/\",\"logo\":{\"@type\":\"ImageObject\",\"inLanguage\":\"en-US\",\"@id\":\"https:\\\/\\\/batimentsvivants.ca\\\/en\\\/#\\\/schema\\\/logo\\\/image\\\/\",\"url\":\"https:\\\/\\\/batimentsvivants.ca\\\/wp-content\\\/uploads\\\/2023\\\/05\\\/LogoBatimentVivantcarre.png\",\"contentUrl\":\"https:\\\/\\\/batimentsvivants.ca\\\/wp-content\\\/uploads\\\/2023\\\/05\\\/LogoBatimentVivantcarre.png\",\"width\":679,\"height\":679,\"caption\":\"B\u00e2timents vivants\"},\"image\":{\"@id\":\"https:\\\/\\\/batimentsvivants.ca\\\/en\\\/#\\\/schema\\\/logo\\\/image\\\/\"}}]}<\/script>\n<!-- \/ Yoast SEO plugin. -->","yoast_head_json":{"title":"Privacy policy - B\u00e2timents vivants","description":"La qualit\u00e9 de l\u2019environnement int\u00e9rieure affecte la sant\u00e9. Cr\u00e9ons ensemble un milieu de vie sain!","robots":{"index":"index","follow":"follow","max-snippet":"max-snippet:-1","max-image-preview":"max-image-preview:large","max-video-preview":"max-video-preview:-1"},"canonical":"https:\/\/batimentsvivants.ca\/en\/privacy-policy\/","og_locale":"en_US","og_type":"article","og_title":"Privacy policy - B\u00e2timents vivants","og_description":"La qualit\u00e9 de l\u2019environnement int\u00e9rieure affecte la sant\u00e9. Cr\u00e9ons ensemble un milieu de vie sain!","og_url":"https:\/\/batimentsvivants.ca\/en\/privacy-policy\/","og_site_name":"B\u00e2timents vivants","article_modified_time":"2024-04-16T19:19:47+00:00","og_image":[{"width":1200,"height":630,"url":"https:\/\/batimentsvivants.ca\/wp-content\/uploads\/2023\/05\/Batimentes-vivants-Facebook.jpg","type":"image\/jpeg"}],"twitter_card":"summary_large_image","twitter_misc":{"Est. reading time":"1 minute"},"schema":{"@context":"https:\/\/schema.org","@graph":[{"@type":"WebPage","@id":"https:\/\/batimentsvivants.ca\/en\/privacy-policy\/","url":"https:\/\/batimentsvivants.ca\/en\/privacy-policy\/","name":"Privacy policy - B\u00e2timents vivants","isPartOf":{"@id":"https:\/\/batimentsvivants.ca\/en\/#website"},"datePublished":"2024-04-16T19:14:15+00:00","dateModified":"2024-04-16T19:19:47+00:00","description":"La qualit\u00e9 de l\u2019environnement int\u00e9rieure affecte la sant\u00e9. Cr\u00e9ons ensemble un milieu de vie sain!","breadcrumb":{"@id":"https:\/\/batimentsvivants.ca\/en\/privacy-policy\/#breadcrumb"},"inLanguage":"en-US","potentialAction":[{"@type":"ReadAction","target":["https:\/\/batimentsvivants.ca\/en\/privacy-policy\/"]}]},{"@type":"BreadcrumbList","@id":"https:\/\/batimentsvivants.ca\/en\/privacy-policy\/#breadcrumb","itemListElement":[{"@type":"ListItem","position":1,"name":"Accueil","item":"https:\/\/batimentsvivants.ca\/en\/"},{"@type":"ListItem","position":2,"name":"Privacy policy"}]},{"@type":"WebSite","@id":"https:\/\/batimentsvivants.ca\/en\/#website","url":"https:\/\/batimentsvivants.ca\/en\/","name":"B\u00e2timents vivants","description":"Transformez votre maison ou lieu de travail en un espace sacr\u00e9 qui supporte la vie!","publisher":{"@id":"https:\/\/batimentsvivants.ca\/en\/#organization"},"potentialAction":[{"@type":"SearchAction","target":{"@type":"EntryPoint","urlTemplate":"https:\/\/batimentsvivants.ca\/en\/?s={search_term_string}"},"query-input":{"@type":"PropertyValueSpecification","valueRequired":true,"valueName":"search_term_string"}}],"inLanguage":"en-US"},{"@type":"Organization","@id":"https:\/\/batimentsvivants.ca\/en\/#organization","name":"B\u00e2timents vivants","url":"https:\/\/batimentsvivants.ca\/en\/","logo":{"@type":"ImageObject","inLanguage":"en-US","@id":"https:\/\/batimentsvivants.ca\/en\/#\/schema\/logo\/image\/","url":"https:\/\/batimentsvivants.ca\/wp-content\/uploads\/2023\/05\/LogoBatimentVivantcarre.png","contentUrl":"https:\/\/batimentsvivants.ca\/wp-content\/uploads\/2023\/05\/LogoBatimentVivantcarre.png","width":679,"height":679,"caption":"B\u00e2timents vivants"},"image":{"@id":"https:\/\/batimentsvivants.ca\/en\/#\/schema\/logo\/image\/"}}]}},"_links":{"self":[{"href":"https:\/\/batimentsvivants.ca\/en\/wp-json\/wp\/v2\/pages\/1687","targetHints":{"allow":["GET"]}}],"collection":[{"href":"https:\/\/batimentsvivants.ca\/en\/wp-json\/wp\/v2\/pages"}],"about":[{"href":"https:\/\/batimentsvivants.ca\/en\/wp-json\/wp\/v2\/types\/page"}],"author":[{"embeddable":true,"href":"https:\/\/batimentsvivants.ca\/en\/wp-json\/wp\/v2\/users\/4"}],"replies":[{"embeddable":true,"href":"https:\/\/batimentsvivants.ca\/en\/wp-json\/wp\/v2\/comments?post=1687"}],"version-history":[{"count":1,"href":"https:\/\/batimentsvivants.ca\/en\/wp-json\/wp\/v2\/pages\/1687\/revisions"}],"predecessor-version":[{"id":1688,"href":"https:\/\/batimentsvivants.ca\/en\/wp-json\/wp\/v2\/pages\/1687\/revisions\/1688"}],"wp:attachment":[{"href":"https:\/\/batimentsvivants.ca\/en\/wp-json\/wp\/v2\/media?parent=1687"}],"curies":[{"name":"wp","href":"https:\/\/api.w.org\/{rel}","templated":true}]}}