{"id":1814,"date":"2025-09-09T17:06:44","date_gmt":"2025-09-09T21:06:44","guid":{"rendered":"https:\/\/batimentsvivants.ca\/registration-form\/"},"modified":"2025-11-04T12:39:33","modified_gmt":"2025-11-04T17:39:33","slug":"registration-form","status":"publish","type":"page","link":"https:\/\/batimentsvivants.ca\/en\/registration-form\/","title":{"rendered":"Registration Form"},"content":{"rendered":"\n<h1>\n\t\t\tFormulaire d&#8217;inscription\t<\/h1>\n                            <h2>Mat\u00e9riaux biosourc\u00e9s : Les bonnes pratiques de conception<\/h2>\n                        <form method='post' enctype='multipart\/form-data' target='gform_ajax_frame_1' id='gform_1'  action='\/?page_id=1801&#038;fl_builder#gf_1' data-formid='1' novalidate>\n                        <h3>Identification<\/h3><fieldset id=\"field_1_1\"  data-js-reload=\"field_1_1\"><legend class='gfield_label gform-field-label gfield_label_before_complex'>Nom complet(N\u00e9cessaire)<\/legend>\n                                                    <label for='input_1_1_3' class='gform-field-label gform-field-label--type-sub '>Pr\u00e9nom<\/label>\n                                                    <input type='text' name='input_1.3' id='input_1_1_3' value=''   aria-required='true'    autocomplete=\"given-name\" \/>\n                                                            <label for='input_1_1_6' class='gform-field-label gform-field-label--type-sub '>Nom<\/label>\n                                                            <input type='text' name='input_1.6' id='input_1_1_6' value=''   aria-required='true'    autocomplete=\"family-name\" \/>\n                        <\/fieldset><label class='gfield_label gform-field-label' for='input_1_9'>Organisation<\/label><input name='input_9' id='input_1_9' type='text' value='' class='large'      aria-invalid=\"false\"   \/><fieldset id=\"field_1_2\"  data-js-reload=\"field_1_2\"><legend class='gfield_label gform-field-label gfield_label_before_complex'>Courriel(N\u00e9cessaire)<\/legend>\n                                    <label for='input_1_2' class='gform-field-label gform-field-label--type-sub '>Saisissez votre courriel<\/label>\n                                    <input class='' type='email' name='input_2' id='input_1_2' value=''    aria-required=\"true\" aria-invalid=\"false\"  autocomplete=\"email\"\/>\n                                    <label for='input_1_2_2' class='gform-field-label gform-field-label--type-sub '>Confirmez votre courriel<\/label>\n                                    <input class='' type='email' name='input_2_2' id='input_1_2_2' value=''    aria-required=\"true\" aria-invalid=\"false\"  autocomplete=\"email\"\/>\n                            <\/fieldset><label class='gfield_label gform-field-label' for='input_1_7'>T\u00e9l\u00e9phone(N\u00e9cessaire)<\/label><input name='input_7' id='input_1_7' type='tel' value='' class='medium'   aria-required=\"true\" aria-invalid=\"false\"   \/><label class='gfield_label gform-field-label' for='input_1_10'>T\u00e9l. autre<\/label><input name='input_10' id='input_1_10' type='tel' value='' class='medium'    aria-invalid=\"false\"   \/><fieldset id=\"field_1_8\"  data-js-reload=\"field_1_8\"><legend class='gfield_label gform-field-label gfield_label_before_complex'>Adresse(N\u00e9cessaire)<\/legend>    \n                                        <label for='input_1_8_1' id='input_1_8_1_label' class='gform-field-label gform-field-label--type-sub '>No civique et rue<\/label>\n                                        <input type='text' name='input_8.1' id='input_1_8_1' value=''    aria-required='true'    \/>\n                                        <label for='input_1_8_2' id='input_1_8_2_label' class='gform-field-label gform-field-label--type-sub '>Adresse ligne 2<\/label>\n                                        <input type='text' name='input_8.2' id='input_1_8_2' value=''     aria-required='false'   \/>\n                                    <label for='input_1_8_3' id='input_1_8_3_label' class='gform-field-label gform-field-label--type-sub '>Ville<\/label>\n                                    <input type='text' name='input_8.3' id='input_1_8_3' value=''    aria-required='true'    \/>\n                                        <label for='input_1_8_4' id='input_1_8_4_label' class='gform-field-label gform-field-label--type-sub '>Province<\/label>\n                                        <select name='input_8.4' id='input_1_8_4'     aria-required='true'><option value=''><\/option><option value='Alberta'>Alberta<\/option><option value='Colombie-Britannique'>Colombie-Britannique<\/option><option value='Manitoba'>Manitoba<\/option><option value='Nouveau-Brunswick'>Nouveau-Brunswick<\/option><option value='Terre-Neuve-et-Labrador'>Terre-Neuve-et-Labrador<\/option><option value='Territoires du Nord-Ouest'>Territoires du Nord-Ouest<\/option><option value='Nouvelle-\u00c9cosse'>Nouvelle-\u00c9cosse<\/option><option value='Nunavut'>Nunavut<\/option><option value='Ontario'>Ontario<\/option><option value='\u00cele du Prince-\u00c9douard'>\u00cele du Prince-\u00c9douard<\/option><option value='Qu\u00e9bec' selected='selected'>Qu\u00e9bec<\/option><option value='Saskatchewan'>Saskatchewan<\/option><option value='Yukon'>Yukon<\/option><\/select>\n                                    <label for='input_1_8_5' id='input_1_8_5_label' class='gform-field-label gform-field-label--type-sub '>Code postal<\/label>\n                                    <input type='text' name='input_8.5' id='input_1_8_5' value=''    aria-required='true'    \/>\n                                <input type='hidden' class='gform_hidden' name='input_8.6' id='input_1_8_6' value='Canada' \/>\n                <\/fieldset><h3>Inscription<\/h3><fieldset id=\"field_1_5\"  data-js-reload=\"field_1_5\"><legend class='gfield_label gform-field-label'>Format souhait\u00e9(N\u00e9cessaire)<\/legend>\n\t\t\t\t\t<input class='gfield-choice-input' name='input_5' type='radio' value='En personne, le 20 novembre 2025 de 8 h 30 \u00e0 16 h 30|895'  id='choice_1_5_0' onchange='gformToggleRadioOther( this )'    \/>\n\t\t\t\t\t<label for='choice_1_5_0' id='label_1_5_0' class='gform-field-label gform-field-label--type-inline'>En personne, le 20 novembre 2025 de 8 h 30 \u00e0 16 h 30<\/label>\n\t\t\t\t\t<input class='gfield-choice-input' name='input_5' type='radio' value='En ligne, les 25 et 26 novembre de 9 h \u00e0 12 h 30|795'  id='choice_1_5_1' onchange='gformToggleRadioOther( this )'    \/>\n\t\t\t\t\t<label for='choice_1_5_1' id='label_1_5_1' class='gform-field-label gform-field-label--type-inline'>En ligne, les 25 et 26 novembre de 9 h \u00e0 12 h 30<\/label>\n\t\t\t<\/fieldset><fieldset id=\"field_1_11\"  data-js-reload=\"field_1_11\"><legend class='gfield_label gfield_label_before_complex gform-field-label'>Carte bancaire<\/legend>\n\t\t\t\t\t\t<label for='input_1_11_3' id='input_1_11_3_label'  class='gform-field-label gform-field-label--type-sub'>Nom du titulaire de la carte<\/label><input class='sq-input' type='text' name='input_11.3' id='input_1_11_3' value='' placeholder=\"Nom du titulaire de la carte\"\/>\n\t\t\t\t\t\t<label for='input_1_11_1' id='input_1_11_1_label'  class='gform-field-label gform-field-label--type-sub'>D\u00e9tails de la carte<\/label>\n\t\t\t\t<\/fieldset>\n         <input type='submit' id='gform_submit_button_1' class='gform_button button' onclick='gform.submission.handleButtonClick(this);' value='Envoyer'  \/> <input type='hidden' name='gform_ajax' value='form_id=1&amp;title=1&amp;description=&amp;tabindex=0&amp;theme=gravity-theme&amp;styles=[]&amp;hash=c3ac7690e8635b7c5175441931ee5e7c' \/>\n            <input type='hidden' class='gform_hidden' name='gform_submission_method' data-js='gform_submission_method_1' value='iframe' \/>\n            <input type='hidden' class='gform_hidden' name='gform_theme' data-js='gform_theme_1' id='gform_theme_1' value='gravity-theme' \/>\n            <input type='hidden' class='gform_hidden' name='gform_style_settings' data-js='gform_style_settings_1' id='gform_style_settings_1' value='[]' \/>\n            <input type='hidden' class='gform_hidden' name='is_submit_1' value='1' \/>\n            <input type='hidden' class='gform_hidden' name='gform_submit' value='1' \/>\n            <input type='hidden' class='gform_hidden' name='gform_unique_id' value='' \/>\n            <input type='hidden' class='gform_hidden' name='state_1' value='WyJ7XCI1XCI6W1wiZTlkMWY5MWUzZGMxNmQzMjQ2ZjVmNDdmZTg3OWFhZTFcIixcImI4NmVkOTY5M2NmMWZiNGNiMTQxMTA5MDQ2NjY1MDRmXCJdfSIsIjU4NTE0OTMyODc3ZmFhZGE2YmQ2NjZkNzVkN2ExOWZhIl0=' \/>\n            <input type='hidden' autocomplete='off' class='gform_hidden' name='gform_target_page_number_1' id='gform_target_page_number_1' value='0' \/>\n            <input type='hidden' autocomplete='off' class='gform_hidden' name='gform_source_page_number_1' id='gform_source_page_number_1' value='1' \/>\n            <input type='hidden' name='gform_field_values' value='' \/>\n                        <\/form>\n\t\t                <iframe style='display:none;width:0px;height:0px;' src='about:blank' name='gform_ajax_frame_1' id='gform_ajax_frame_1' title='Cette iframe contient la logique n\u00e9cessaire pour manipuler Gravity Forms avec Ajax.'><\/iframe>\n\t\t\t<a href=\"mailto:info@batimentsvivants.ca\" target=\"_self\">\n\t\t\t\t\t\t\tContactez-nous pour toute information\n\t\t\t\t\t<\/a>\n\n","protected":false},"excerpt":{"rendered":"<p>Formulaire d&#8217;inscription Mat\u00e9riaux biosourc\u00e9s : Les bonnes pratiques de conception Identification Nom complet(N\u00e9cessaire) Pr\u00e9nom Nom Organisation Courriel(N\u00e9cessaire) Saisissez votre courriel Confirmez votre courriel T\u00e9l\u00e9phone(N\u00e9cessaire)T\u00e9l. autre Adresse(N\u00e9cessaire) No civique et rue Adresse ligne 2 Ville Province AlbertaColombie-BritanniqueManitobaNouveau-BrunswickTerre-Neuve-et-LabradorTerritoires du Nord-OuestNouvelle-\u00c9cosseNunavutOntario\u00cele du Prince-\u00c9douardQu\u00e9becSaskatchewanYukon Code postal Inscription Format souhait\u00e9(N\u00e9cessaire) En personne, le 20 novembre 2025 de 8 h 30&hellip;<\/p>\n","protected":false},"author":4,"featured_media":0,"parent":0,"menu_order":9000,"comment_status":"closed","ping_status":"closed","template":"","meta":{"footnotes":""},"class_list":["post-1814","page","type-page","status-publish","hentry"],"yoast_head":"<!-- This site is optimized with the Yoast SEO plugin v27.4 - https:\/\/yoast.com\/product\/yoast-seo-wordpress\/ -->\n<title>Building Inspection - B\u00e2timents vivants<\/title>\n<meta name=\"description\" content=\"Prevention is always the best approach. Want to make sure your environment is safe? Consult our services. Consult our services.\" \/>\n<meta name=\"robots\" content=\"index, follow, max-snippet:-1, max-image-preview:large, max-video-preview:-1\" \/>\n<link rel=\"canonical\" href=\"https:\/\/batimentsvivants.ca\/en\/registration-form\/\" \/>\n<meta property=\"og:locale\" content=\"en_US\" \/>\n<meta property=\"og:type\" content=\"article\" \/>\n<meta property=\"og:title\" content=\"Building Inspection - B\u00e2timents vivants\" \/>\n<meta property=\"og:description\" content=\"Prevention is always the best approach. Want to make sure your environment is safe? Consult our services. Consult our services.\" \/>\n<meta property=\"og:url\" content=\"https:\/\/batimentsvivants.ca\/en\/registration-form\/\" \/>\n<meta property=\"og:site_name\" content=\"B\u00e2timents vivants\" \/>\n<meta property=\"article:modified_time\" content=\"2025-11-04T17:39:33+00:00\" \/>\n<meta property=\"og:image\" content=\"https:\/\/batimentsvivants.ca\/wp-content\/uploads\/2023\/05\/Batimentes-vivants-Facebook-1024x538.jpg\" \/>\n<meta name=\"twitter:card\" content=\"summary_large_image\" \/>\n<script type=\"application\/ld+json\" class=\"yoast-schema-graph\">{\"@context\":\"https:\\\/\\\/schema.org\",\"@graph\":[{\"@type\":\"WebPage\",\"@id\":\"https:\\\/\\\/batimentsvivants.ca\\\/en\\\/registration-form\\\/\",\"url\":\"https:\\\/\\\/batimentsvivants.ca\\\/en\\\/registration-form\\\/\",\"name\":\"Building Inspection - B\u00e2timents vivants\",\"isPartOf\":{\"@id\":\"https:\\\/\\\/batimentsvivants.ca\\\/en\\\/#website\"},\"datePublished\":\"2025-09-09T21:06:44+00:00\",\"dateModified\":\"2025-11-04T17:39:33+00:00\",\"description\":\"Prevention is always the best approach. Want to make sure your environment is safe? Consult our services. Consult our services.\",\"breadcrumb\":{\"@id\":\"https:\\\/\\\/batimentsvivants.ca\\\/en\\\/registration-form\\\/#breadcrumb\"},\"inLanguage\":\"en-US\",\"potentialAction\":[{\"@type\":\"ReadAction\",\"target\":[\"https:\\\/\\\/batimentsvivants.ca\\\/en\\\/registration-form\\\/\"]}]},{\"@type\":\"BreadcrumbList\",\"@id\":\"https:\\\/\\\/batimentsvivants.ca\\\/en\\\/registration-form\\\/#breadcrumb\",\"itemListElement\":[{\"@type\":\"ListItem\",\"position\":1,\"name\":\"Accueil\",\"item\":\"https:\\\/\\\/batimentsvivants.ca\\\/en\\\/\"},{\"@type\":\"ListItem\",\"position\":2,\"name\":\"Registration Form\"}]},{\"@type\":\"WebSite\",\"@id\":\"https:\\\/\\\/batimentsvivants.ca\\\/en\\\/#website\",\"url\":\"https:\\\/\\\/batimentsvivants.ca\\\/en\\\/\",\"name\":\"B\u00e2timents vivants\",\"description\":\"Transformez votre maison ou lieu de travail en un espace sacr\u00e9 qui supporte la vie!\",\"publisher\":{\"@id\":\"https:\\\/\\\/batimentsvivants.ca\\\/en\\\/#organization\"},\"potentialAction\":[{\"@type\":\"SearchAction\",\"target\":{\"@type\":\"EntryPoint\",\"urlTemplate\":\"https:\\\/\\\/batimentsvivants.ca\\\/en\\\/?s={search_term_string}\"},\"query-input\":{\"@type\":\"PropertyValueSpecification\",\"valueRequired\":true,\"valueName\":\"search_term_string\"}}],\"inLanguage\":\"en-US\"},{\"@type\":\"Organization\",\"@id\":\"https:\\\/\\\/batimentsvivants.ca\\\/en\\\/#organization\",\"name\":\"B\u00e2timents vivants\",\"url\":\"https:\\\/\\\/batimentsvivants.ca\\\/en\\\/\",\"logo\":{\"@type\":\"ImageObject\",\"inLanguage\":\"en-US\",\"@id\":\"https:\\\/\\\/batimentsvivants.ca\\\/en\\\/#\\\/schema\\\/logo\\\/image\\\/\",\"url\":\"https:\\\/\\\/batimentsvivants.ca\\\/wp-content\\\/uploads\\\/2023\\\/05\\\/LogoBatimentVivantcarre.png\",\"contentUrl\":\"https:\\\/\\\/batimentsvivants.ca\\\/wp-content\\\/uploads\\\/2023\\\/05\\\/LogoBatimentVivantcarre.png\",\"width\":679,\"height\":679,\"caption\":\"B\u00e2timents vivants\"},\"image\":{\"@id\":\"https:\\\/\\\/batimentsvivants.ca\\\/en\\\/#\\\/schema\\\/logo\\\/image\\\/\"}}]}<\/script>\n<!-- \/ Yoast SEO plugin. -->","yoast_head_json":{"title":"Building Inspection - B\u00e2timents vivants","description":"Prevention is always the best approach. Want to make sure your environment is safe? Consult our services. Consult our services.","robots":{"index":"index","follow":"follow","max-snippet":"max-snippet:-1","max-image-preview":"max-image-preview:large","max-video-preview":"max-video-preview:-1"},"canonical":"https:\/\/batimentsvivants.ca\/en\/registration-form\/","og_locale":"en_US","og_type":"article","og_title":"Building Inspection - B\u00e2timents vivants","og_description":"Prevention is always the best approach. Want to make sure your environment is safe? Consult our services. Consult our services.","og_url":"https:\/\/batimentsvivants.ca\/en\/registration-form\/","og_site_name":"B\u00e2timents vivants","article_modified_time":"2025-11-04T17:39:33+00:00","og_image":[{"url":"https:\/\/batimentsvivants.ca\/wp-content\/uploads\/2023\/05\/Batimentes-vivants-Facebook-1024x538.jpg","type":"","width":"","height":""}],"twitter_card":"summary_large_image","schema":{"@context":"https:\/\/schema.org","@graph":[{"@type":"WebPage","@id":"https:\/\/batimentsvivants.ca\/en\/registration-form\/","url":"https:\/\/batimentsvivants.ca\/en\/registration-form\/","name":"Building Inspection - B\u00e2timents vivants","isPartOf":{"@id":"https:\/\/batimentsvivants.ca\/en\/#website"},"datePublished":"2025-09-09T21:06:44+00:00","dateModified":"2025-11-04T17:39:33+00:00","description":"Prevention is always the best approach. Want to make sure your environment is safe? Consult our services. Consult our services.","breadcrumb":{"@id":"https:\/\/batimentsvivants.ca\/en\/registration-form\/#breadcrumb"},"inLanguage":"en-US","potentialAction":[{"@type":"ReadAction","target":["https:\/\/batimentsvivants.ca\/en\/registration-form\/"]}]},{"@type":"BreadcrumbList","@id":"https:\/\/batimentsvivants.ca\/en\/registration-form\/#breadcrumb","itemListElement":[{"@type":"ListItem","position":1,"name":"Accueil","item":"https:\/\/batimentsvivants.ca\/en\/"},{"@type":"ListItem","position":2,"name":"Registration Form"}]},{"@type":"WebSite","@id":"https:\/\/batimentsvivants.ca\/en\/#website","url":"https:\/\/batimentsvivants.ca\/en\/","name":"B\u00e2timents vivants","description":"Transformez votre maison ou lieu de travail en un espace sacr\u00e9 qui supporte la vie!","publisher":{"@id":"https:\/\/batimentsvivants.ca\/en\/#organization"},"potentialAction":[{"@type":"SearchAction","target":{"@type":"EntryPoint","urlTemplate":"https:\/\/batimentsvivants.ca\/en\/?s={search_term_string}"},"query-input":{"@type":"PropertyValueSpecification","valueRequired":true,"valueName":"search_term_string"}}],"inLanguage":"en-US"},{"@type":"Organization","@id":"https:\/\/batimentsvivants.ca\/en\/#organization","name":"B\u00e2timents vivants","url":"https:\/\/batimentsvivants.ca\/en\/","logo":{"@type":"ImageObject","inLanguage":"en-US","@id":"https:\/\/batimentsvivants.ca\/en\/#\/schema\/logo\/image\/","url":"https:\/\/batimentsvivants.ca\/wp-content\/uploads\/2023\/05\/LogoBatimentVivantcarre.png","contentUrl":"https:\/\/batimentsvivants.ca\/wp-content\/uploads\/2023\/05\/LogoBatimentVivantcarre.png","width":679,"height":679,"caption":"B\u00e2timents vivants"},"image":{"@id":"https:\/\/batimentsvivants.ca\/en\/#\/schema\/logo\/image\/"}}]}},"_links":{"self":[{"href":"https:\/\/batimentsvivants.ca\/en\/wp-json\/wp\/v2\/pages\/1814","targetHints":{"allow":["GET"]}}],"collection":[{"href":"https:\/\/batimentsvivants.ca\/en\/wp-json\/wp\/v2\/pages"}],"about":[{"href":"https:\/\/batimentsvivants.ca\/en\/wp-json\/wp\/v2\/types\/page"}],"author":[{"embeddable":true,"href":"https:\/\/batimentsvivants.ca\/en\/wp-json\/wp\/v2\/users\/4"}],"replies":[{"embeddable":true,"href":"https:\/\/batimentsvivants.ca\/en\/wp-json\/wp\/v2\/comments?post=1814"}],"version-history":[{"count":1,"href":"https:\/\/batimentsvivants.ca\/en\/wp-json\/wp\/v2\/pages\/1814\/revisions"}],"predecessor-version":[{"id":1822,"href":"https:\/\/batimentsvivants.ca\/en\/wp-json\/wp\/v2\/pages\/1814\/revisions\/1822"}],"wp:attachment":[{"href":"https:\/\/batimentsvivants.ca\/en\/wp-json\/wp\/v2\/media?parent=1814"}],"curies":[{"name":"wp","href":"https:\/\/api.w.org\/{rel}","templated":true}]}}